{"id":615,"date":"2024-06-19T16:06:23","date_gmt":"2024-06-19T14:06:23","guid":{"rendered":"https:\/\/www.ohrwerk.de\/?page_id=615"},"modified":"2024-06-21T17:30:32","modified_gmt":"2024-06-21T15:30:32","slug":"home-de","status":"publish","type":"page","link":"https:\/\/www.ohrwerk.de\/","title":{"rendered":"Home DE"},"content":{"rendered":"\n<div class=\"wp-block-stackable-hero stk-block-hero stk-block stk-0e19bb6 stk-block-background is-style-horizontal\" data-v=\"2\" data-block-id=\"0e19bb6\"><style>.stk-0e19bb6{background-color:var(--theme-palette-color-10,#447188) !important;padding-top:0px !important;padding-right:0px !important;padding-bottom:0px !important;padding-left:0px !important;margin-bottom:0px !important}.stk-0e19bb6:before{background-color:var(--theme-palette-color-10,#447188) !important}.stk-0e19bb6 .stk-block-hero__content{min-height:0px !important;align-items:center !important;display:flex !important}<\/style><div class=\"stk-block-hero__content stk-content-align stk-0e19bb6-column stk-container stk-0e19bb6-container stk--no-background stk--no-padding\"><div class=\"stk-block-content stk-inner-blocks has-text-align-center stk-0e19bb6-inner-blocks\">\n<div class=\"wp-block-stackable-columns stk-block-columns stk-block stk-e298e6e\" data-block-id=\"e298e6e\"><div class=\"stk-row stk-inner-blocks has-text-align-center stk-block-content stk-content-align stk-e298e6e-column\">\n<div class=\"wp-block-stackable-column stk-block-column stk-column stk-block stk-36b9034 stk-block-background stk--has-background-overlay\" data-v=\"4\" data-block-id=\"36b9034\"><style>.stk-36b9034-container{margin-top:60px !important;margin-right:60px !important;margin-bottom:60px !important;margin-left:60px !important}.stk-36b9034{background-color:var(--theme-palette-color-7,#000000) !important}.stk-36b9034:before{background-color:var(--theme-palette-color-7,#000000) !important;opacity:0.7 !important}.stk-36b9034:hover:before{background-color:#000000 !important;opacity:0.5 !important}<\/style><div class=\"stk-column-wrapper stk-block-column__content stk-container stk-36b9034-container stk--no-background stk--no-padding\"><div class=\"has-text-align-left stk-block-content stk-inner-blocks stk-36b9034-inner-blocks\">\n<div class=\"wp-block-stackable-heading stk-block-heading stk-block-heading--v2 stk-block stk-38d5480\" id=\"service-rund-um-digital-audio\" data-block-id=\"38d5480\"><h1 class=\"stk-block-heading__text has-text-align-center\">SERVICE RUND UM DIGITAL-AUDIO<\/h1><\/div>\n\n\n\n<div class=\"wp-block-stackable-text stk-block-text stk-block stk-0ef7c29\" data-block-id=\"0ef7c29\"><style>.stk-0ef7c29 .stk-block-text__text{text-shadow:none !important;font-size:20px !important;color:var(--theme-palette-color-4,#ffffff) !important}@media screen and (max-width:999px){.stk-0ef7c29 .stk-block-text__text{font-size:20px !important}}<\/style><p class=\"stk-block-text__text has-text-color has-text-align-center\">Seit \u00fcber 25 Jahren bieten wir erstklassige Dienstleisungen f\u00fcr Tonstudios mit Schwerpunkt auf Videospiel-Lokalisierung, Sprachaufnahmen\/Podcasts und Sound-Design. Ob es um tatkr\u00e4ftige Unterst\u00fctzung bei der Script- und Aufnahmevorbereitung geht, um akkurates und effizientes Dialog-Editing und Post-Produktion, oder ob Sie mitrei\u00dfende Effekte oder Synthesizer-Kl\u00e4nge f\u00fcr Ihre n\u00e4chste Produktion suchen: Wir haben die Ideen und das Know-How. Immer kreativ, innovativ und bezahlbar!<\/p><\/div>\n\n\n\n<div class=\"wp-block-stackable-spacer alignfull stk-block-spacer stk--no-padding stk-block stk-7f81ff7\" data-block-id=\"7f81ff7\"><style>.stk-7f81ff7{height:25px !important}<\/style><\/div>\n\n\n\n<div class=\"wp-block-stackable-button-group stk-block-button-group stk-block stk-0b4bb25\" data-block-id=\"0b4bb25\"><div class=\"stk-row stk-inner-blocks has-text-align-center stk-block-content stk-button-group\">\n<div class=\"wp-block-stackable-button stk-block-button has-text-align-center stk-block stk-6966f78\" data-block-id=\"6966f78\"><a class=\"stk-link stk-button stk--hover-effect-scale-more\" href=\"mailto:info@ohrwerk.de\"><span class=\"stk--svg-wrapper\"><div class=\"stk--inner-svg\"><svg xmlns=\"http:\/\/www.w3.org\/2000\/svg\" viewBox=\"0 0 512 512\" aria-hidden=\"true\" width=\"32\" height=\"32\"><path d=\"M498.1 5.6c10.1 7 15.4 19.1 13.5 31.2l-64 416c-1.5 9.7-7.4 18.2-16 23s-18.9 5.4-28 1.6L284 427.7l-68.5 74.1c-8.9 9.7-22.9 12.9-35.2 8.1S160 493.2 160 480V396.4c0-4 1.5-7.8 4.2-10.7L331.8 202.8c5.8-6.3 5.6-16-.4-22s-15.7-6.4-22-.7L106 360.8 17.7 316.6C7.1 311.3 .3 300.7 0 288.9s5.9-22.8 16.1-28.7l448-256c10.7-6.1 23.9-5.5 34 1.4z\"><\/path><\/svg><\/div><\/span><span class=\"stk-button__inner-text\">KONTAKT<\/span><\/a><\/div>\n<\/div><\/div>\n<\/div><\/div><video class=\"stk-video-background\" autoplay muted loop playsinline src=\"https:\/\/www.ohrwerk.de\/ohrwerk\/wp-content\/uploads\/2024\/06\/Editing-Movie-FX-1.mp4\" poster=\"\"><\/video><\/div>\n<\/div><\/div>\n<\/div><\/div><\/div>\n\n\n\n<div class=\"wp-block-stackable-spacer alignfull stk-block-spacer stk--no-padding stk-block stk-877388d\" data-block-id=\"877388d\"><style>.stk-877388d{height:50px !important}<\/style><\/div>\n\n\n\n<div class=\"wp-block-stackable-feature-grid aligncenter stk-block-feature-grid stk-block-columns stk-block stk-e8abb5d is-style-default\" data-block-id=\"e8abb5d\"><style>.stk-e8abb5d{margin-bottom:50px !important}.stk-e8abb5d-column{--stk-column-gap:50px !important;row-gap:50px !important}<\/style><div class=\"stk-row stk-inner-blocks has-text-align-center stk-block-content stk-content-align stk-e8abb5d-column\">\n<div class=\"wp-block-stackable-column stk-block-column stk-column stk-block stk-91c5060 stk-block-background stk--has-background-overlay\" data-v=\"4\" data-block-id=\"91c5060\"><style>.stk-91c5060-container{margin-top:0px !important;margin-right:0px !important;margin-bottom:0px !important;margin-left:0px !important}.stk-91c5060-inner-blocks{row-gap:0px !important}.stk-91c5060{background-color:var(--theme-palette-color-7,#000000) !important;background-image:url(https:\/\/www.ohrwerk.de\/ohrwerk\/wp-content\/uploads\/2024\/06\/Dialog-Editing.jpg) !important;overflow:hidden !important}.stk-91c5060:before{background-color:var(--theme-palette-color-7,#000000) !important;opacity:0.7 !important}.stk-91c5060:hover:before{background-color:#000000 !important;opacity:0.4 !important}@media screen and (min-width:690px){.stk-91c5060{flex:var(--stk-flex-grow,1) 1 calc(66.666% - var(--stk-column-gap,0px) * 1 \/ 2 ) !important}}<\/style><div class=\"stk-column-wrapper stk-block-column__content stk-container stk-91c5060-container stk--no-background stk--no-padding\"><div class=\"stk-block-content stk-inner-blocks stk-91c5060-inner-blocks stk--align-last-block-to-bottom\">\n<div class=\"wp-block-stackable-heading stk-block-heading stk-block-heading--v2 stk-block stk-0322997\" id=\"dialogbearbeitung\" data-block-id=\"0322997\"><h5 class=\"stk-block-heading__text\">DIALOGBEARBEITUNG<\/h5><\/div>\n\n\n\n<div class=\"wp-block-stackable-text stk-block-text stk-block stk-8a65f57\" data-block-id=\"8a65f57\"><p class=\"stk-block-text__text\">Schnelle und pieksaubere Post-Produktion f\u00fcr Sprachaufnahmen, H\u00f6rb\u00fccher und Podcasts &#8211; mitsamt Entfernen von st\u00f6renden Klicksern, Plosiven oder Atmern. Mit spektralem Editing l\u00f6sen wir auch knifflige Probleme. Anlieferung von kompletten Sessions\/Stems oder Einzelfiles, korrekt benannt nach Script-Anforderungen<\/p><\/div>\n<\/div><\/div><\/div>\n\n\n\n<div class=\"wp-block-stackable-column stk-block-column stk-column stk-block stk-0c2efce stk-block-background stk--has-background-overlay\" data-v=\"4\" data-block-id=\"0c2efce\"><style>.stk-0c2efce-container{margin-top:0px !important;margin-right:0px !important;margin-bottom:0px !important;margin-left:0px !important}.stk-0c2efce{background-color:var(--theme-palette-color-7,#000000) !important;background-image:url(https:\/\/www.ohrwerk.de\/ohrwerk\/wp-content\/uploads\/2024\/06\/Denoising.jpg) !important;overflow:hidden !important}.stk-0c2efce:before{background-color:var(--theme-palette-color-7,#000000) !important;opacity:0.7 !important}.stk-0c2efce:hover:before{background-color:#000000 !important;opacity:0.3 !important}@media screen and (min-width:690px){.stk-0c2efce{flex:var(--stk-flex-grow,1) 1 calc(33.333% - var(--stk-column-gap,0px) * 1 \/ 2 ) !important}}<\/style><div class=\"stk-column-wrapper stk-block-column__content stk-container stk-0c2efce-container stk--no-background stk--no-padding\"><div class=\"stk-block-content stk-inner-blocks stk-0c2efce-inner-blocks stk--align-last-block-to-bottom\">\n<div class=\"wp-block-stackable-heading stk-block-heading stk-block-heading--v2 stk-block stk-ce6eb12\" id=\"audio-restauration\" data-block-id=\"ce6eb12\"><h5 class=\"stk-block-heading__text\">AUDIO-RESTAURATION<\/h5><\/div>\n\n\n\n<div class=\"wp-block-stackable-text stk-block-text stk-block stk-106756c\" data-block-id=\"106756c\"><p class=\"stk-block-text__text\">Beseitigen von Rauschen oder Brummen, aber auch komplexen Problemen wie Hall, Verzerrungen oder Verkehrsl\u00e4rm &#8211; mit beeindruckenden Resultaten<\/p><\/div>\n<\/div><\/div><\/div>\n<\/div><\/div>\n\n\n\n<div class=\"wp-block-stackable-feature-grid aligncenter stk-block-feature-grid stk-block-columns stk-block stk-60cd9ed is-style-default\" data-block-id=\"60cd9ed\"><style>.stk-60cd9ed{margin-bottom:50px !important}.stk-60cd9ed-column{--stk-column-gap:50px !important;row-gap:50px !important}<\/style><div class=\"stk-row stk-inner-blocks has-text-align-center stk-block-content stk-content-align stk-60cd9ed-column\">\n<div class=\"wp-block-stackable-column stk-block-column stk-column stk-block stk-6a2a749 stk-block-background stk--has-background-overlay\" data-v=\"4\" data-block-id=\"6a2a749\"><style>.stk-6a2a749-container{margin-top:0px !important;margin-right:0px !important;margin-bottom:0px !important;margin-left:0px !important}.stk-6a2a749{background-color:var(--theme-palette-color-7,#000000) !important;background-image:url(https:\/\/www.ohrwerk.de\/ohrwerk\/wp-content\/uploads\/2024\/06\/Excel-neu-3.jpg) !important;overflow:hidden !important}.stk-6a2a749:before{background-color:var(--theme-palette-color-7,#000000) !important;opacity:0.6 !important}.stk-6a2a749:hover:before{background-color:#000000 !important;opacity:0.3 !important}@media screen and (min-width:690px){.stk-6a2a749{flex:var(--stk-flex-grow,1) 1 calc(33.333% - var(--stk-column-gap,0px) * 1 \/ 2 ) !important}}<\/style><div class=\"stk-column-wrapper stk-block-column__content stk-container stk-6a2a749-container stk--no-background stk--no-padding\"><div class=\"stk-block-content stk-inner-blocks stk-6a2a749-inner-blocks stk--align-last-block-to-bottom\">\n<div class=\"wp-block-stackable-heading stk-block-heading stk-block-heading--v2 stk-block stk-f308cac\" id=\"script-aufbereitung\" data-block-id=\"f308cac\"><h5 class=\"stk-block-heading__text\">SCRIPT-AUFBEREITUNG<\/h5><\/div>\n\n\n\n<div class=\"wp-block-stackable-text stk-block-text stk-block stk-9a36f3b\" data-block-id=\"9a36f3b\"><p class=\"stk-block-text__text\">Analysen, Berechnungen und Statistiken, Hilfe beim Zusammenfassen und Editieren: Wir bieten umfassende Unterst\u00fctzung beim &#8222;Script-Doctoring&#8220; mit Excel oder Filemaker<\/p><\/div>\n<\/div><\/div><\/div>\n\n\n\n<div class=\"wp-block-stackable-column stk-block-column stk-column stk-block stk-9745e9e stk-block-background stk--has-background-overlay\" data-v=\"4\" data-block-id=\"9745e9e\"><style>.stk-9745e9e-container{margin-top:0px !important;margin-right:0px !important;margin-bottom:0px !important;margin-left:0px !important}.stk-9745e9e{background-color:var(--theme-palette-color-7,#000000) !important;background-image:url(https:\/\/www.ohrwerk.de\/ohrwerk\/wp-content\/uploads\/2024\/06\/SynthPatch-2.jpg) !important;overflow:hidden !important}.stk-9745e9e:before{background-color:var(--theme-palette-color-7,#000000) !important;opacity:0.5 !important}.stk-9745e9e:hover:before{background-color:#000000 !important;opacity:0.3 !important}@media screen and (min-width:690px){.stk-9745e9e{flex:var(--stk-flex-grow,1) 1 calc(66.666% - var(--stk-column-gap,0px) * 1 \/ 2 ) !important}}<\/style><div class=\"stk-column-wrapper stk-block-column__content stk-container stk-9745e9e-container stk--no-background stk--no-padding\"><div class=\"stk-block-content stk-inner-blocks stk-9745e9e-inner-blocks stk--align-last-block-to-bottom\">\n<div class=\"wp-block-stackable-heading stk-block-heading stk-block-heading--v2 stk-block stk-8e27f52\" id=\"sound-design\" data-block-id=\"8e27f52\"><h5 class=\"stk-block-heading__text\">SOUND-DESIGN<\/h5><\/div>\n\n\n\n<div class=\"wp-block-stackable-text stk-block-text stk-block stk-1412529 stk-block-background\" data-block-id=\"1412529\"><style>.stk-1412529{background-color:#00000000 !important}.stk-1412529:before{background-color:#00000000 !important}<\/style><p class=\"stk-block-text__text\">Programmierung von ausdrucksstarken Synthesizer-Sounds f\u00fcr VST-Instrumente von namhaften Herstellern wie <a href=\"http:\/\/robpapen.com\" data-type=\"link\" data-id=\"robpapen.com\" target=\"_blank\" rel=\"noreferrer noopener\">Rob Papen<\/a>. Design von Sound- und Stimmeffekten mit innovativen Audio-Plugins und einer riesigen Datenbank an lizenzfreien Sounds<\/p><\/div>\n<\/div><\/div><\/div>\n<\/div><\/div>\n\n\n\n<div class=\"wp-block-stackable-feature-grid aligncenter stk-block-feature-grid stk-block-columns stk-block stk-380c62e is-style-default\" data-block-id=\"380c62e\"><style>.stk-380c62e{margin-bottom:50px !important}.stk-380c62e-column{--stk-column-gap:50px !important;row-gap:50px !important}<\/style><div class=\"stk-row stk-inner-blocks has-text-align-center stk-block-content stk-content-align stk-380c62e-column\">\n<div class=\"wp-block-stackable-column stk-block-column stk-column stk-block stk-e49a11e stk-block-background stk--has-background-overlay\" data-v=\"4\" data-block-id=\"e49a11e\"><style>.stk-e49a11e-container{margin-top:0px !important;margin-right:0px !important;margin-bottom:0px !important;margin-left:0px !important}.stk-e49a11e-inner-blocks{row-gap:0px !important}.stk-e49a11e{background-color:var(--theme-palette-color-7,#000000) !important;background-image:url(https:\/\/www.ohrwerk.de\/ohrwerk\/wp-content\/uploads\/2024\/06\/DAW-2-3.jpg) !important;overflow:hidden !important}.stk-e49a11e:before{background-color:var(--theme-palette-color-7,#000000) !important;opacity:0.3 !important}.stk-e49a11e:hover:before{opacity:0 !important}@media screen and (min-width:690px){.stk-e49a11e{flex:var(--stk-flex-grow,1) 1 calc(66.666% - var(--stk-column-gap,0px) * 1 \/ 2 ) !important}}<\/style><div class=\"stk-column-wrapper stk-block-column__content stk-container stk-e49a11e-container stk--no-background stk--no-padding\"><div class=\"stk-block-content stk-inner-blocks stk-e49a11e-inner-blocks stk--align-last-block-to-bottom\">\n<div class=\"wp-block-stackable-heading stk-block-heading stk-block-heading--v2 stk-block stk-66b1bb3\" id=\"daw-service\" data-block-id=\"66b1bb3\"><h5 class=\"stk-block-heading__text\">DAW-SERVICE<\/h5><\/div>\n\n\n\n<div class=\"wp-block-stackable-text stk-block-text stk-block stk-ad11062\" data-block-id=\"ad11062\"><p class=\"stk-block-text__text\">Anlegen von Sessions f\u00fcr Sprachaufnahmen mit fertig platzierten Quellaufnahmen oder Videos. \u00dcberpr\u00fcfen und Exportieren von Aufnahmen, Timing-Checks und -Korrekturen. Konvertieren von Sessions zwischen allen g\u00e4ngigen Multitracker-Formaten<\/p><\/div>\n<\/div><\/div><\/div>\n\n\n\n<div class=\"wp-block-stackable-column stk-block-column stk-column stk-block stk-7f78804 stk-block-background stk--has-background-overlay\" data-v=\"4\" data-block-id=\"7f78804\"><style>.stk-7f78804-container{margin-top:0px !important;margin-right:0px !important;margin-bottom:0px !important;margin-left:0px !important}.stk-7f78804{background-color:var(--theme-palette-color-7,#000000) !important;background-image:url(https:\/\/www.ohrwerk.de\/ohrwerk\/wp-content\/uploads\/2024\/06\/Macros.jpg) !important}.stk-7f78804:before{background-color:var(--theme-palette-color-7,#000000) !important;opacity:0.8 !important}.stk-7f78804:hover:before{background-color:#000000 !important;opacity:0.6 !important}@media screen and (min-width:690px){.stk-7f78804{flex:var(--stk-flex-grow,1) 1 calc(33.333% - var(--stk-column-gap,0px) * 1 \/ 2 ) !important}}<\/style><div class=\"stk-column-wrapper stk-block-column__content stk-container stk-7f78804-container stk--no-background stk--no-padding\"><div class=\"stk-block-content stk-inner-blocks stk-7f78804-inner-blocks stk--align-last-block-to-bottom\">\n<div class=\"wp-block-stackable-heading stk-block-heading stk-block-heading--v2 stk-block stk-9899683\" id=\"schnell-zuverlassig\" data-block-id=\"9899683\"><h5 class=\"stk-block-heading__text\">SCHNELL + ZUVERL\u00c4SSIG<\/h5><\/div>\n\n\n\n<div class=\"wp-block-stackable-text stk-block-text stk-block stk-fab598e\" data-block-id=\"fab598e\"><p class=\"stk-block-text__text\">Hoch optimierte Arbeitsprozesse mit selbst programmierten Datenbanken und Tools erlauben uns die Konzentration auf das Wesentliche: optimalen Sound<\/p><\/div>\n<\/div><\/div><\/div>\n<\/div><\/div>\n\n\n\n<div class=\"wp-block-stackable-feature-grid aligncenter stk-block-feature-grid stk-block-columns stk-block stk-adb6350 is-style-default\" data-block-id=\"adb6350\"><style>.stk-adb6350{margin-bottom:50px !important}.stk-adb6350-column{--stk-column-gap:50px !important;row-gap:50px !important}<\/style><div class=\"stk-row stk-inner-blocks has-text-align-center stk-block-content stk-content-align stk-adb6350-column\">\n<div class=\"wp-block-stackable-column stk-block-column stk-column stk-block stk-81d8bc1 stk-block-background stk--has-background-overlay\" data-v=\"4\" data-block-id=\"81d8bc1\"><style>.stk-81d8bc1-container{margin-top:0px !important;margin-right:0px !important;margin-bottom:0px !important;margin-left:0px !important}.stk-81d8bc1-inner-blocks{row-gap:0px !important}.stk-81d8bc1{background-color:var(--theme-palette-color-7,#000000) !important;background-image:url(https:\/\/www.ohrwerk.de\/ohrwerk\/wp-content\/uploads\/2024\/06\/Musik.jpg) !important;overflow:hidden !important}.stk-81d8bc1:before{background-color:var(--theme-palette-color-7,#000000) !important;opacity:0.5 !important}.stk-81d8bc1:hover:before{background-color:#000000 !important;opacity:0.2 !important}@media screen and (min-width:690px){.stk-81d8bc1{flex:var(--stk-flex-grow,1) 1 calc(33.333% - var(--stk-column-gap,0px) * 1 \/ 2 ) !important}}<\/style><div class=\"stk-column-wrapper stk-block-column__content stk-container stk-81d8bc1-container stk--no-background stk--no-padding\"><div class=\"stk-block-content stk-inner-blocks stk-81d8bc1-inner-blocks stk--align-last-block-to-bottom\">\n<div class=\"wp-block-stackable-heading stk-block-heading stk-block-heading--v2 stk-block stk-fc0a223\" id=\"musikproduktion\" data-block-id=\"fc0a223\"><h5 class=\"stk-block-heading__text\">MUSIKPRODUKTION<\/h5><\/div>\n\n\n\n<div class=\"wp-block-stackable-text stk-block-text stk-block stk-d1c9294\" data-block-id=\"d1c9294\"><p class=\"stk-block-text__text\">Projekt <a href=\"http:\/\/www.klangwelt.info\" target=\"_blank\" rel=\"noreferrer noopener\">Klangwelt<\/a> und mehr: Komposition, Produktion, Mixing und Mastering von elektronischer Musik<\/p><\/div>\n<\/div><\/div><\/div>\n\n\n\n<div class=\"wp-block-stackable-column stk-block-column stk-column stk-block stk-2b93519 stk-block-background stk--has-background-overlay\" data-v=\"4\" data-block-id=\"2b93519\"><style>.stk-2b93519-container{margin-top:0px !important;margin-right:0px !important;margin-bottom:0px !important;margin-left:0px !important}.stk-2b93519{background-color:var(--theme-palette-color-7,#000000) !important;background-image:url(https:\/\/www.ohrwerk.de\/ohrwerk\/wp-content\/uploads\/2024\/06\/Videogame2-2.jpg) !important}.stk-2b93519:before{background-color:var(--theme-palette-color-7,#000000) !important;opacity:0.8 !important}.stk-2b93519:hover:before{background-color:#000000 !important;opacity:0.6 !important}@media screen and (min-width:690px){.stk-2b93519{flex:var(--stk-flex-grow,1) 1 calc(66.666% - var(--stk-column-gap,0px) * 1 \/ 2 ) !important}}<\/style><div class=\"stk-column-wrapper stk-block-column__content stk-container stk-2b93519-container stk--no-background stk--no-padding\"><div class=\"stk-block-content stk-inner-blocks stk-2b93519-inner-blocks stk--align-last-block-to-bottom\">\n<div class=\"wp-block-stackable-heading stk-block-heading stk-block-heading--v2 stk-block stk-21b2d07\" id=\"beste-referenzen\" data-block-id=\"21b2d07\"><h5 class=\"stk-block-heading__text\">BESTE REFERENZEN<\/h5><\/div>\n\n\n\n<div class=\"wp-block-stackable-text stk-block-text stk-block stk-1421aa0\" data-block-id=\"1421aa0\"><p class=\"stk-block-text__text\">Spielreihen  wie &#8222;Mass Effect&#8220;, &#8222;FIFA&#8220; oder &#8222;Fallout&#8220;, &#8222;Asterix&#8220; oder &#8222;Die Schl\u00fcmpfe&#8220;, angesagte Kult-Games wie &#8222;Hi-Fi Rush&#8220; oder die legend\u00e4re Fantasy-Welt von &#8222;Guild Wars 2&#8220;: In mehr als zwei Jahrzehnten haben wir buchst\u00e4blich Millionen von Dateien f\u00fcr Hunderte von Projekten verarbeitet<\/p><\/div>\n<\/div><\/div><\/div>\n<\/div><\/div>\n\n\n\n<div class=\"wp-block-stackable-spacer alignfull stk-block-spacer stk--no-padding stk-block stk-591257e\" data-block-id=\"591257e\"><style>.stk-591257e{height:150px !important}<\/style><\/div>\n\n\n\n<div class=\"wp-block-stackable-button-group stk-block-button-group stk-block stk-8f2a4db\" data-block-id=\"8f2a4db\"><style>.stk-8f2a4db{margin-bottom:150px !important}<\/style><div class=\"stk-row stk-inner-blocks has-text-align-center stk-block-content stk-button-group\">\n<div class=\"wp-block-stackable-button stk-block-button has-text-align-center popmake-706 stk-block stk-9bded97 popmake-706\" data-block-id=\"9bded97\"><style>.stk-9bded97{align-items:center !important;display:flex !important}<\/style><a class=\"stk-link stk-button stk--hover-effect-scale-more\" href=\"\"><span class=\"stk-button__inner-text\">IMPRESSUM<\/span><\/a><\/div>\n<\/div><\/div>\n","protected":false},"excerpt":{"rendered":"<p>SERVICE RUND UM DIGITAL-AUDIO Seit \u00fcber 25 Jahren bieten wir erstklassige Dienstleisungen f\u00fcr Tonstudios mit Schwerpunkt auf Videospiel-Lokalisierung, Sprachaufnahmen\/Podcasts und Sound-Design. Ob es um tatkr\u00e4ftige Unterst\u00fctzung bei der Script- und Aufnahmevorbereitung geht, um akkurates und effizientes Dialog-Editing und Post-Produktion, oder ob Sie mitrei\u00dfende Effekte oder Synthesizer-Kl\u00e4nge f\u00fcr Ihre n\u00e4chste Produktion suchen: Wir haben die Ideen [&hellip;]<\/p>\n","protected":false},"author":1,"featured_media":0,"parent":0,"menu_order":0,"comment_status":"closed","ping_status":"closed","template":"","meta":{"_coblocks_attr":"","_coblocks_dimensions":"","_coblocks_responsive_height":"","_coblocks_accordion_ie_support":"","_themeisle_gutenberg_block_has_review":false,"footnotes":""},"class_list":["post-615","page","type-page","status-publish","hentry"],"blocksy_meta":[],"_links":{"self":[{"href":"https:\/\/www.ohrwerk.de\/index.php?rest_route=\/wp\/v2\/pages\/615","targetHints":{"allow":["GET"]}}],"collection":[{"href":"https:\/\/www.ohrwerk.de\/index.php?rest_route=\/wp\/v2\/pages"}],"about":[{"href":"https:\/\/www.ohrwerk.de\/index.php?rest_route=\/wp\/v2\/types\/page"}],"author":[{"embeddable":true,"href":"https:\/\/www.ohrwerk.de\/index.php?rest_route=\/wp\/v2\/users\/1"}],"replies":[{"embeddable":true,"href":"https:\/\/www.ohrwerk.de\/index.php?rest_route=%2Fwp%2Fv2%2Fcomments&post=615"}],"version-history":[{"count":152,"href":"https:\/\/www.ohrwerk.de\/index.php?rest_route=\/wp\/v2\/pages\/615\/revisions"}],"predecessor-version":[{"id":870,"href":"https:\/\/www.ohrwerk.de\/index.php?rest_route=\/wp\/v2\/pages\/615\/revisions\/870"}],"wp:attachment":[{"href":"https:\/\/www.ohrwerk.de\/index.php?rest_route=%2Fwp%2Fv2%2Fmedia&parent=615"}],"curies":[{"name":"wp","href":"https:\/\/api.w.org\/{rel}","templated":true}]}}